{"id":701,"date":"2020-10-18T15:37:15","date_gmt":"2020-10-18T13:37:15","guid":{"rendered":"https:\/\/aleavini.com\/?page_id=701"},"modified":"2020-10-18T15:37:15","modified_gmt":"2020-10-18T13:37:15","slug":"aviso-legal","status":"publish","type":"page","link":"https:\/\/aleavini.com\/en\/aviso-legal\/","title":{"rendered":"AVISO LEGAL"},"content":{"rendered":"<div data-elementor-type=\"wp-page\" data-elementor-id=\"701\" class=\"elementor elementor-701\">\n\t\t\t\t\t\t<section class=\"elementor-section elementor-top-section elementor-element elementor-element-4dbab6c3 elementor-section-boxed elementor-section-height-default elementor-section-height-default\" data-id=\"4dbab6c3\" data-element_type=\"section\" data-e-type=\"section\">\n\t\t\t\t\t\t<div class=\"elementor-container elementor-column-gap-default\">\n\t\t\t\t\t<div class=\"elementor-column elementor-col-100 elementor-top-column elementor-element elementor-element-3db8121e\" data-id=\"3db8121e\" data-element_type=\"column\" data-e-type=\"column\">\n\t\t\t<div class=\"elementor-widget-wrap elementor-element-populated\">\n\t\t\t\t\t\t<div class=\"elementor-element elementor-element-629304cb elementor-widget elementor-widget-text-editor\" data-id=\"629304cb\" data-element_type=\"widget\" data-e-type=\"widget\" data-widget_type=\"text-editor.default\">\n\t\t\t\t<div class=\"elementor-widget-container\">\n\t\t\t\t\t\t\t\t\t\n<p>LEY DE LOS SERVICIOS DE LA SOCIEDAD DE LA INFORMACI\u00d3N (LSSI)<\/p>\n<p>ALEAVINI SL, responsable del sitio web, en adelante RESPONSABLE, pone a disposici\u00f3n de los\u00a0usuarios el presente documento, con el que pretende dar cumplimiento a las obligaciones dispuestas\u00a0en la Ley 34\/2002, de 11 de julio, de Servicios de la Sociedad de la Informaci\u00f3n y de Comercio\u00a0Electr\u00f3nico (LSSICE), BOE N.\u00ba 166, as\u00ed como informar a todos los usuarios del sitio web respecto a\u00a0cu\u00e1les son las condiciones de uso.<\/p>\n<p>Toda persona que acceda a este sitio web asume el papel de usuario, comprometi\u00e9ndose a la\u00a0observancia y cumplimiento riguroso de las disposiciones aqu\u00ed dispuestas, as\u00ed como a cualquier otra\u00a0disposici\u00f3n legal que fuera de aplicaci\u00f3n.<\/p>\n<p>ALEAVINI SL se reserva el derecho de modificar cualquier tipo de informaci\u00f3n que pudiera aparecer en\u00a0el sitio web, sin que exista obligaci\u00f3n de preavisar o poner en conocimiento de los usuarios dichas\u00a0obligaciones, entendi\u00e9ndose como suficiente la publicaci\u00f3n en el sitio web de ALEAVINI SL.<\/p>\n<p>1. DATOS IDENTIFICATIVOS<\/p>\n<p>Nombre de dominio: www.aleavini.com\/<\/p>\n<p>Nombre comercial: ALEAVINI S.L.<\/p>\n<p>Denominaci\u00f3n social: ALEAVINI SL<\/p>\n<p>NIF: B24694176<\/p>\n<p>Domicilio social: CL DE LA GUARDIA CIVIL, 1 3\u00ba 24001 LEON (Le\u00f3n)<\/p>\n<p>Tel\u00e9fono: 987 22 90 47<\/p>\n<p>E-mail: info@aleavini.com<\/p>\n<p>2. DERECHOS DE PROPIEDAD INTELECTUAL E INDUSTRIAL<\/p>\n<p>El sitio web, incluyendo a t\u00edtulo enunciativo pero no limitativo su programaci\u00f3n, edici\u00f3n, compilaci\u00f3n y\u00a0dem\u00e1s elementos necesarios para su funcionamiento, los dise\u00f1os, logotipos, texto y\/o gr\u00e1ficos, son\u00a0propiedad del RESPONSABLE o, si es el caso, dispone de licencia o autorizaci\u00f3n expresa por parte de\u00a0los autores. Todos los contenidos del sitio web se encuentran debidamente protegidos por la normativa\u00a0de propiedad intelectual e industrial, as\u00ed como inscritos en los registros p\u00fablicos correspondientes.<\/p>\n<p>Independientemente de la finalidad para la que fueran destinados, la reproducci\u00f3n total o parcial, uso,\u00a0explotaci\u00f3n, distribuci\u00f3n y comercializaci\u00f3n, requiere en todo caso la autorizaci\u00f3n escrita previa por\u00a0parte del RESPONSABLE. Cualquier uso no autorizado previamente se considera un incumplimiento\u00a0grave de los derechos de propiedad intelectual o industrial del autor.<\/p>\n<p>Los dise\u00f1os, logotipos, texto y\/o gr\u00e1ficos ajenos al RESPONSABLE y que pudieran aparecer en el sitio\u00a0web, pertenecen a sus respectivos propietarios, siendo ellos mismos responsables de cualquier posible\u00a0controversia que pudiera suscitarse respecto a los mismos. El RESPONSABLE autoriza expresamente\u00a0a que terceros puedan redirigir directamente a los contenidos concretos del sitio web, y en todo caso\u00a0redirigir al sitio web principal de www.aleavini.com\/.<\/p>\n<p>El RESPONSABLE reconoce a favor de sus titulares los correspondientes derechos de propiedad\u00a0intelectual e industrial, no implicando su sola menci\u00f3n o aparici\u00f3n en el sitio web la existencia de\u00a0derechos o responsabilidad alguna sobre los mismos, como tampoco respaldo, patrocinio o\u00a0recomendaci\u00f3n por parte del mismo.<\/p>\n<p>Para realizar cualquier tipo de observaci\u00f3n respecto a posibles incumplimientos de los derechos de\u00a0propiedad intelectual o industrial, as\u00ed como sobre cualquiera de los contenidos del sitio web, puede\u00a0hacerlo a trav\u00e9s del correo electr\u00f3nico info@aleavini.com.<\/p>\n<p>3. EXENCI\u00d3N DE RESPONSABILIDADES<\/p>\n<p>El RESPONSABLE se exime de cualquier tipo de responsabilidad derivada de la informaci\u00f3n publicada\u00a0en su sitio web siempre que no tenga conocimiento efectivo de que esta informaci\u00f3n haya sido\u00a0manipulada o introducida por un tercero ajeno al mismo o, si lo tiene, haya actuado con diligencia para\u00a0retirar los datos o hacer imposible el acceso a ellos.<\/p>\n<p>Uso de Cookies<\/p>\n<p>Este sitio web puede utilizar cookies t\u00e9cnicas (peque\u00f1os archivos de informaci\u00f3n que el servidor env\u00eda\u00a0al ordenador de quien accede a la p\u00e1gina) para llevar a cabo determinadas funciones que son\u00a0consideradas imprescindibles para el correcto funcionamiento y visualizaci\u00f3n del sitio. Las cookies\u00a0utilizadas tienen, en todo caso, car\u00e1cter temporal, con la \u00fanica finalidad de hacer m\u00e1s eficaz la\u00a0navegaci\u00f3n, y desaparecen al terminar la sesi\u00f3n del usuario. En ning\u00fan caso, estas cookies\u00a0proporcionan por s\u00ed mismas datos de car\u00e1cter personal y no se utilizar\u00e1n para la recogida de los\u00a0mismos.<\/p>\n<p>Mediante el uso de cookies tambi\u00e9n es posible que el servidor donde se encuentra la web reconozca el\u00a0navegador utilizado por el usuario con la finalidad de que la navegaci\u00f3n sea m\u00e1s sencilla, permitiendo,\u00a0por ejemplo, el acceso de los usuarios que se hayan registrado previamente a las \u00e1reas, servicios,\u00a0promociones o concursos reservados exclusivamente a ellos sin tener que registrarse en cada visita.<\/p>\n<p>Tambi\u00e9n se pueden utilizar para medir la audiencia, par\u00e1metros de tr\u00e1fico, controlar el progreso y\u00a0n\u00famero de entradas, etc., siendo en estos casos cookies prescindibles t\u00e9cnicamente, pero\u00a0beneficiosas para el usuario. Este sitio web no instalar\u00e1 cookies prescindibles sin el consentimiento\u00a0previo del usuario.<\/p>\n<p>Este sitio web utiliza cookies propias y de terceros para fines anal\u00edticos y para mostrarle publicidad\u00a0personalizada en base a un perfil elaborado a partir de sus h\u00e1bitos de navegaci\u00f3n (por ejemplo,\u00a0p\u00e1ginas visitadas). A todo usuario que visita la web se le informa del uso de estas cookies mediante un\u00a0banner flotante. En el caso de aceptar su uso, el banner desaparecer\u00e1, aunque en todo momento\u00a0podr\u00e1 revocar el consentimiento y obtener m\u00e1s informaci\u00f3n consultando nuestra Pol\u00edtica de cookies.<\/p>\n<p>El usuario tiene la posibilidad de configurar su navegador para ser alertado de la recepci\u00f3n de cookies\u00a0y para impedir su instalaci\u00f3n en su equipo. Por favor, consulte las instrucciones de su navegador para\u00a0ampliar esta informaci\u00f3n.<\/p>\n<p>Pol\u00edtica de enlaces<\/p>\n<p>Desde el sitio web, es posible que se redirija a contenidos de terceros sitios web. Dado que el\u00a0RESPONSABLE no puede controlar siempre los contenidos introducidos por terceros en sus\u00a0respectivos sitios web, no asume ning\u00fan tipo de responsabilidad respecto a dichos contenidos. En todo\u00a0caso, proceder\u00e1 a la retirada inmediata de cualquier contenido que pudiera contravenir la legislaci\u00f3n\u00a0nacional o internacional, la moral o el orden p\u00fablico, procediendo a la retirada inmediata de la\u00a0redirecci\u00f3n a dicho sitio web, poniendo en conocimiento de las autoridades competentes el contenido\u00a0en cuesti\u00f3n.<\/p>\n<p>El RESPONSABLE no se hace responsable de la informaci\u00f3n y contenidos almacenados, a t\u00edtulo\u00a0enunciativo pero no limitativo, en foros, chats, generadores de blogs, comentarios, redes sociales o\u00a0cualquier otro medio que permita a terceros publicar contenidos de forma independiente en la p\u00e1gina\u00a0web del RESPONSABLE. Sin embargo, y en cumplimiento de lo dispuesto en los art\u00edculos 11 y 16 de\u00a0la LSSICE, se pone a disposici\u00f3n de todos los usuarios, autoridades y fuerzas de seguridad,\u00a0colaborando de forma activa en la retirada o, en su caso, bloqueo de todos aquellos contenidos que\u00a0puedan afectar o contravenir la legislaci\u00f3n nacional o internacional, los derechos de terceros o la moral\u00a0y el orden p\u00fablico. En caso de que el usuario considere que existe en el sitio web alg\u00fan contenido que\u00a0pudiera ser susceptible de esta clasificaci\u00f3n, se ruega lo notifique de forma inmediata al administrador\u00a0del sitio web.<\/p>\n<p>Este sitio web se ha revisado y probado para que funcione correctamente. En principio, puede\u00a0garantizarse el correcto funcionamiento los 365 d\u00edas del a\u00f1o, 24 horas al d\u00eda. Sin embargo, el\u00a0RESPONSABLE no descarta la posibilidad de que existan ciertos errores de programaci\u00f3n, o que\u00a0acontezcan causas de fuerza mayor, cat\u00e1strofes naturales, huelgas o circunstancias semejantes que\u00a0hagan imposible el acceso a la p\u00e1gina web.<\/p>\n<p>Direcciones IP<\/p>\n<p>Los servidores del sitio web podr\u00e1n detectar de manera autom\u00e1tica la direcci\u00f3n IP y el nombre de\u00a0dominio utilizados por el usuario. Una direcci\u00f3n IP es un n\u00famero asignado autom\u00e1ticamente a un\u00a0ordenador cuando este se conecta a Internet. Toda esta informaci\u00f3n se registra en un fichero de\u00a0actividad del servidor debidamente inscrito que permite el posterior procesamiento de los datos con el\u00a0fin de obtener mediciones \u00fanicamente estad\u00edsticas que permitan conocer el n\u00famero de impresiones de\u00a0p\u00e1ginas, el n\u00famero de visitas realizadas a los servidores web, el orden de visitas, el punto de acceso,\u00a0etc.<\/p>\n<p>4. LEY APLICABLE Y JURISDICCI\u00d3N<\/p>\n<p>Para la resoluci\u00f3n de todas las controversias o cuestiones relacionadas con el presente sitio web o de\u00a0las actividades en \u00e9l desarrolladas, ser\u00e1 de aplicaci\u00f3n la legislaci\u00f3n espa\u00f1ola, a la que se someten\u00a0expresamente las partes, siendo competentes para la resoluci\u00f3n de todos los conflictos derivados o\u00a0relacionados con su uso los Juzgados y Tribunales del domicilio del USUARIO o el lugar del\u00a0cumplimiento de la obligaci\u00f3n.<\/p>\n\t\t\t\t\t\t\t\t<\/div>\n\t\t\t\t<\/div>\n\t\t\t\t\t<\/div>\n\t\t<\/div>\n\t\t\t\t\t<\/div>\n\t\t<\/section>\n\t\t\t\t<\/div>","protected":false},"excerpt":{"rendered":"<p>LEY DE LOS SERVICIOS DE LA SOCIEDAD DE LA INFORMACI\u00d3N (LSSI) ALEAVINI SL, responsable del sitio web, en adelante RESPONSABLE, pone a disposici\u00f3n de los\u00a0usuarios el presente documento, con el que pretende dar cumplimiento a las obligaciones dispuestas\u00a0en la Ley 34\/2002, de 11 de julio, de Servicios de la Sociedad de la Informaci\u00f3n y de [&hellip;]<\/p>\n","protected":false},"author":2,"featured_media":0,"parent":0,"menu_order":0,"comment_status":"closed","ping_status":"closed","template":"elementor_header_footer","meta":{"site-sidebar-layout":"default","site-content-layout":"","ast-site-content-layout":"default","site-content-style":"default","site-sidebar-style":"default","ast-global-header-display":"","ast-banner-title-visibility":"","ast-main-header-display":"","ast-hfb-above-header-display":"","ast-hfb-below-header-display":"","ast-hfb-mobile-header-display":"","site-post-title":"","ast-breadcrumbs-content":"","ast-featured-img":"","footer-sml-layout":"","ast-disable-related-posts":"","theme-transparent-header-meta":"","adv-header-id-meta":"","stick-header-meta":"","header-above-stick-meta":"","header-main-stick-meta":"","header-below-stick-meta":"","astra-migrate-meta-layouts":"default","ast-page-background-enabled":"default","ast-page-background-meta":{"desktop":{"background-color":"","background-image":"","background-repeat":"repeat","background-position":"center center","background-size":"auto","background-attachment":"scroll","background-type":"","background-media":"","overlay-type":"","overlay-color":"","overlay-opacity":"","overlay-gradient":""},"tablet":{"background-color":"","background-image":"","background-repeat":"repeat","background-position":"center center","background-size":"auto","background-attachment":"scroll","background-type":"","background-media":"","overlay-type":"","overlay-color":"","overlay-opacity":"","overlay-gradient":""},"mobile":{"background-color":"","background-image":"","background-repeat":"repeat","background-position":"center center","background-size":"auto","background-attachment":"scroll","background-type":"","background-media":"","overlay-type":"","overlay-color":"","overlay-opacity":"","overlay-gradient":""}},"ast-content-background-meta":{"desktop":{"background-color":"var(--ast-global-color-5)","background-image":"","background-repeat":"repeat","background-position":"center center","background-size":"auto","background-attachment":"scroll","background-type":"","background-media":"","overlay-type":"","overlay-color":"","overlay-opacity":"","overlay-gradient":""},"tablet":{"background-color":"var(--ast-global-color-5)","background-image":"","background-repeat":"repeat","background-position":"center center","background-size":"auto","background-attachment":"scroll","background-type":"","background-media":"","overlay-type":"","overlay-color":"","overlay-opacity":"","overlay-gradient":""},"mobile":{"background-color":"var(--ast-global-color-5)","background-image":"","background-repeat":"repeat","background-position":"center center","background-size":"auto","background-attachment":"scroll","background-type":"","background-media":"","overlay-type":"","overlay-color":"","overlay-opacity":"","overlay-gradient":""}},"footnotes":""},"class_list":["post-701","page","type-page","status-publish","hentry"],"_links":{"self":[{"href":"https:\/\/aleavini.com\/en\/wp-json\/wp\/v2\/pages\/701","targetHints":{"allow":["GET"]}}],"collection":[{"href":"https:\/\/aleavini.com\/en\/wp-json\/wp\/v2\/pages"}],"about":[{"href":"https:\/\/aleavini.com\/en\/wp-json\/wp\/v2\/types\/page"}],"author":[{"embeddable":true,"href":"https:\/\/aleavini.com\/en\/wp-json\/wp\/v2\/users\/2"}],"replies":[{"embeddable":true,"href":"https:\/\/aleavini.com\/en\/wp-json\/wp\/v2\/comments?post=701"}],"version-history":[{"count":0,"href":"https:\/\/aleavini.com\/en\/wp-json\/wp\/v2\/pages\/701\/revisions"}],"wp:attachment":[{"href":"https:\/\/aleavini.com\/en\/wp-json\/wp\/v2\/media?parent=701"}],"curies":[{"name":"wp","href":"https:\/\/api.w.org\/{rel}","templated":true}]}}